{"id":2,"date":"2013-01-11T16:56:58","date_gmt":"2013-01-11T16:56:58","guid":{"rendered":"http:\/\/legal.contact.dve-wordpress-pp.infradve.fr\/?page_id=2"},"modified":"2023-02-27T13:38:05","modified_gmt":"2023-02-27T13:38:05","slug":"sample-page","status":"publish","type":"page","link":"https:\/\/legal.contactdve.com\/","title":{"rendered":"Bienvenue sur le blog des Mentions L\u00e9gales !"},"content":{"rendered":"<p>Pour visualiser les Mentions L\u00e9gales et CGV de votre site, cliquez sur le site concern\u00e9 dans le menu ci-dessus ou dans le d\u00e9tail des cat\u00e9gories \u00e0 droite.<\/p>\n<p>Pour modifier les textes, rendez-vous l\u00e0 : <a href=\"http:\/\/legal.contact.dve-wordpress-pp.infradve.fr\/wp-admin\/\">Tableau de bord<\/a>.<\/p>\n<p>Have fun (si je puis dire&#8230;) !<\/p>\n","protected":false},"excerpt":{"rendered":"<p>Pour visualiser les Mentions L\u00e9gales et CGV de votre site, cliquez sur le site concern\u00e9 dans le menu ci-dessus ou dans le d\u00e9tail des cat\u00e9gories \u00e0 droite. Pour modifier les textes, rendez-vous l\u00e0 : Tableau de bord. Have fun (si je puis dire&#8230;) !<\/p>\n","protected":false},"author":1006,"featured_media":0,"parent":0,"menu_order":0,"comment_status":"open","ping_status":"open","template":"","meta":{"footnotes":""},"class_list":["post-2","page","type-page","status-publish","hentry"],"_links":{"self":[{"href":"https:\/\/legal.contactdve.com\/index.php?rest_route=\/wp\/v2\/pages\/2","targetHints":{"allow":["GET"]}}],"collection":[{"href":"https:\/\/legal.contactdve.com\/index.php?rest_route=\/wp\/v2\/pages"}],"about":[{"href":"https:\/\/legal.contactdve.com\/index.php?rest_route=\/wp\/v2\/types\/page"}],"author":[{"embeddable":true,"href":"https:\/\/legal.contactdve.com\/index.php?rest_route=\/wp\/v2\/users\/1006"}],"replies":[{"embeddable":true,"href":"https:\/\/legal.contactdve.com\/index.php?rest_route=%2Fwp%2Fv2%2Fcomments&post=2"}],"version-history":[{"count":0,"href":"https:\/\/legal.contactdve.com\/index.php?rest_route=\/wp\/v2\/pages\/2\/revisions"}],"wp:attachment":[{"href":"https:\/\/legal.contactdve.com\/index.php?rest_route=%2Fwp%2Fv2%2Fmedia&parent=2"}],"curies":[{"name":"wp","href":"https:\/\/api.w.org\/{rel}","templated":true}]}}